{"id":7,"date":"2020-05-08T18:23:36","date_gmt":"2020-05-08T16:23:36","guid":{"rendered":"https:\/\/www.frichtiweb.com\/carl-pigeot\/front-page\/"},"modified":"2020-05-09T21:52:18","modified_gmt":"2020-05-09T19:52:18","slug":"front-page","status":"publish","type":"page","link":"https:\/\/www.frichtiweb.com\/carl-pigeot\/","title":{"rendered":"Front Page"},"content":{"rendered":"","protected":false},"excerpt":{"rendered":"","protected":false},"author":1,"featured_media":0,"parent":0,"menu_order":0,"comment_status":"closed","ping_status":"closed","template":"","meta":{"_exactmetrics_skip_tracking":false,"_exactmetrics_sitenote_active":false,"_exactmetrics_sitenote_note":"","_exactmetrics_sitenote_category":0,"footnotes":""},"class_list":["post-7","page","type-page","status-publish","hentry"],"yoast_head":"<!-- This site is optimized with the Yoast SEO plugin v26.2 - https:\/\/yoast.com\/wordpress\/plugins\/seo\/ -->\n<title>Carl Pigeot - Cr\u00e9ation de sites internet Vernon Eure<\/title>\n<meta name=\"description\" content=\"Cr\u00e9ation de sites internet, charte graphique et r\u00e9f\u00e9rencement naturel \u00e0 Vernon dans l&#039;Eure. 13 ann\u00e9es d&#039;exp\u00e9rience pour vous servir.\" \/>\n<meta name=\"robots\" content=\"index, follow, max-snippet:-1, max-image-preview:large, max-video-preview:-1\" \/>\n<link rel=\"canonical\" href=\"https:\/\/www.frichtiweb.com\/carl-pigeot\/\" \/>\n<meta property=\"og:locale\" content=\"fr_FR\" \/>\n<meta property=\"og:type\" content=\"article\" \/>\n<meta property=\"og:title\" content=\"Carl Pigeot - Cr\u00e9ation de sites internet Vernon Eure\" \/>\n<meta property=\"og:description\" content=\"Cr\u00e9ation de sites internet, charte graphique et r\u00e9f\u00e9rencement naturel \u00e0 Vernon dans l&#039;Eure. 13 ann\u00e9es d&#039;exp\u00e9rience pour vous servir.\" \/>\n<meta property=\"og:url\" content=\"https:\/\/www.frichtiweb.com\/carl-pigeot\/\" \/>\n<meta property=\"og:site_name\" content=\"Carl Pigeot\" \/>\n<meta property=\"article:modified_time\" content=\"2020-05-09T19:52:18+00:00\" \/>\n<meta name=\"twitter:card\" content=\"summary_large_image\" \/>\n<script type=\"application\/ld+json\" class=\"yoast-schema-graph\">{\"@context\":\"https:\/\/schema.org\",\"@graph\":[{\"@type\":\"WebPage\",\"@id\":\"https:\/\/www.frichtiweb.com\/carl-pigeot\/\",\"url\":\"https:\/\/www.frichtiweb.com\/carl-pigeot\/\",\"name\":\"Carl Pigeot - Cr\u00e9ation de sites internet Vernon Eure\",\"isPartOf\":{\"@id\":\"https:\/\/www.frichtiweb.com\/carl-pigeot\/#website\"},\"datePublished\":\"2020-05-08T16:23:36+00:00\",\"dateModified\":\"2020-05-09T19:52:18+00:00\",\"description\":\"Cr\u00e9ation de sites internet, charte graphique et r\u00e9f\u00e9rencement naturel \u00e0 Vernon dans l'Eure. 13 ann\u00e9es d'exp\u00e9rience pour vous servir.\",\"breadcrumb\":{\"@id\":\"https:\/\/www.frichtiweb.com\/carl-pigeot\/#breadcrumb\"},\"inLanguage\":\"fr-FR\",\"potentialAction\":[{\"@type\":\"ReadAction\",\"target\":[\"https:\/\/www.frichtiweb.com\/carl-pigeot\/\"]}]},{\"@type\":\"BreadcrumbList\",\"@id\":\"https:\/\/www.frichtiweb.com\/carl-pigeot\/#breadcrumb\",\"itemListElement\":[{\"@type\":\"ListItem\",\"position\":1,\"name\":\"Accueil\",\"item\":\"https:\/\/www.frichtiweb.com\/carl-pigeot\/\"},{\"@type\":\"ListItem\",\"position\":2,\"name\":\"Front Page\"}]},{\"@type\":\"WebSite\",\"@id\":\"https:\/\/www.frichtiweb.com\/carl-pigeot\/#website\",\"url\":\"https:\/\/www.frichtiweb.com\/carl-pigeot\/\",\"name\":\"Carl Pigeot\",\"description\":\"Cr\u00e9ation de sites internet, graphique et r\u00e9f\u00e9rencement \u00e0 Vernon\",\"publisher\":{\"@id\":\"https:\/\/www.frichtiweb.com\/carl-pigeot\/#organization\"},\"potentialAction\":[{\"@type\":\"SearchAction\",\"target\":{\"@type\":\"EntryPoint\",\"urlTemplate\":\"https:\/\/www.frichtiweb.com\/carl-pigeot\/?s={search_term_string}\"},\"query-input\":{\"@type\":\"PropertyValueSpecification\",\"valueRequired\":true,\"valueName\":\"search_term_string\"}}],\"inLanguage\":\"fr-FR\"},{\"@type\":\"Organization\",\"@id\":\"https:\/\/www.frichtiweb.com\/carl-pigeot\/#organization\",\"name\":\"Carl Pigeot\",\"url\":\"https:\/\/www.frichtiweb.com\/carl-pigeot\/\",\"logo\":{\"@type\":\"ImageObject\",\"inLanguage\":\"fr-FR\",\"@id\":\"https:\/\/www.frichtiweb.com\/carl-pigeot\/#\/schema\/logo\/image\/\",\"url\":\"https:\/\/www.frichtiweb.com\/carl-pigeot\/wp-content\/uploads\/2022\/11\/carl-pigeot.png\",\"contentUrl\":\"https:\/\/www.frichtiweb.com\/carl-pigeot\/wp-content\/uploads\/2022\/11\/carl-pigeot.png\",\"width\":120,\"height\":134,\"caption\":\"Carl Pigeot\"},\"image\":{\"@id\":\"https:\/\/www.frichtiweb.com\/carl-pigeot\/#\/schema\/logo\/image\/\"}}]}<\/script>\n<!-- \/ Yoast SEO plugin. -->","yoast_head_json":{"title":"Carl Pigeot - Cr\u00e9ation de sites internet Vernon Eure","description":"Cr\u00e9ation de sites internet, charte graphique et r\u00e9f\u00e9rencement naturel \u00e0 Vernon dans l'Eure. 13 ann\u00e9es d'exp\u00e9rience pour vous servir.","robots":{"index":"index","follow":"follow","max-snippet":"max-snippet:-1","max-image-preview":"max-image-preview:large","max-video-preview":"max-video-preview:-1"},"canonical":"https:\/\/www.frichtiweb.com\/carl-pigeot\/","og_locale":"fr_FR","og_type":"article","og_title":"Carl Pigeot - Cr\u00e9ation de sites internet Vernon Eure","og_description":"Cr\u00e9ation de sites internet, charte graphique et r\u00e9f\u00e9rencement naturel \u00e0 Vernon dans l'Eure. 13 ann\u00e9es d'exp\u00e9rience pour vous servir.","og_url":"https:\/\/www.frichtiweb.com\/carl-pigeot\/","og_site_name":"Carl Pigeot","article_modified_time":"2020-05-09T19:52:18+00:00","twitter_card":"summary_large_image","schema":{"@context":"https:\/\/schema.org","@graph":[{"@type":"WebPage","@id":"https:\/\/www.frichtiweb.com\/carl-pigeot\/","url":"https:\/\/www.frichtiweb.com\/carl-pigeot\/","name":"Carl Pigeot - Cr\u00e9ation de sites internet Vernon Eure","isPartOf":{"@id":"https:\/\/www.frichtiweb.com\/carl-pigeot\/#website"},"datePublished":"2020-05-08T16:23:36+00:00","dateModified":"2020-05-09T19:52:18+00:00","description":"Cr\u00e9ation de sites internet, charte graphique et r\u00e9f\u00e9rencement naturel \u00e0 Vernon dans l'Eure. 13 ann\u00e9es d'exp\u00e9rience pour vous servir.","breadcrumb":{"@id":"https:\/\/www.frichtiweb.com\/carl-pigeot\/#breadcrumb"},"inLanguage":"fr-FR","potentialAction":[{"@type":"ReadAction","target":["https:\/\/www.frichtiweb.com\/carl-pigeot\/"]}]},{"@type":"BreadcrumbList","@id":"https:\/\/www.frichtiweb.com\/carl-pigeot\/#breadcrumb","itemListElement":[{"@type":"ListItem","position":1,"name":"Accueil","item":"https:\/\/www.frichtiweb.com\/carl-pigeot\/"},{"@type":"ListItem","position":2,"name":"Front Page"}]},{"@type":"WebSite","@id":"https:\/\/www.frichtiweb.com\/carl-pigeot\/#website","url":"https:\/\/www.frichtiweb.com\/carl-pigeot\/","name":"Carl Pigeot","description":"Cr\u00e9ation de sites internet, graphique et r\u00e9f\u00e9rencement \u00e0 Vernon","publisher":{"@id":"https:\/\/www.frichtiweb.com\/carl-pigeot\/#organization"},"potentialAction":[{"@type":"SearchAction","target":{"@type":"EntryPoint","urlTemplate":"https:\/\/www.frichtiweb.com\/carl-pigeot\/?s={search_term_string}"},"query-input":{"@type":"PropertyValueSpecification","valueRequired":true,"valueName":"search_term_string"}}],"inLanguage":"fr-FR"},{"@type":"Organization","@id":"https:\/\/www.frichtiweb.com\/carl-pigeot\/#organization","name":"Carl Pigeot","url":"https:\/\/www.frichtiweb.com\/carl-pigeot\/","logo":{"@type":"ImageObject","inLanguage":"fr-FR","@id":"https:\/\/www.frichtiweb.com\/carl-pigeot\/#\/schema\/logo\/image\/","url":"https:\/\/www.frichtiweb.com\/carl-pigeot\/wp-content\/uploads\/2022\/11\/carl-pigeot.png","contentUrl":"https:\/\/www.frichtiweb.com\/carl-pigeot\/wp-content\/uploads\/2022\/11\/carl-pigeot.png","width":120,"height":134,"caption":"Carl Pigeot"},"image":{"@id":"https:\/\/www.frichtiweb.com\/carl-pigeot\/#\/schema\/logo\/image\/"}}]}},"_links":{"self":[{"href":"https:\/\/www.frichtiweb.com\/carl-pigeot\/wp-json\/wp\/v2\/pages\/7","targetHints":{"allow":["GET"]}}],"collection":[{"href":"https:\/\/www.frichtiweb.com\/carl-pigeot\/wp-json\/wp\/v2\/pages"}],"about":[{"href":"https:\/\/www.frichtiweb.com\/carl-pigeot\/wp-json\/wp\/v2\/types\/page"}],"author":[{"embeddable":true,"href":"https:\/\/www.frichtiweb.com\/carl-pigeot\/wp-json\/wp\/v2\/users\/1"}],"replies":[{"embeddable":true,"href":"https:\/\/www.frichtiweb.com\/carl-pigeot\/wp-json\/wp\/v2\/comments?post=7"}],"version-history":[{"count":1,"href":"https:\/\/www.frichtiweb.com\/carl-pigeot\/wp-json\/wp\/v2\/pages\/7\/revisions"}],"predecessor-version":[{"id":93,"href":"https:\/\/www.frichtiweb.com\/carl-pigeot\/wp-json\/wp\/v2\/pages\/7\/revisions\/93"}],"wp:attachment":[{"href":"https:\/\/www.frichtiweb.com\/carl-pigeot\/wp-json\/wp\/v2\/media?parent=7"}],"curies":[{"name":"wp","href":"https:\/\/api.w.org\/{rel}","templated":true}]}}